{"id":1391,"date":"2023-12-30T07:57:21","date_gmt":"2023-12-30T11:57:21","guid":{"rendered":"https:\/\/gadlasnieves.gob.ec\/azuay\/?page_id=1391"},"modified":"2025-07-16T17:01:33","modified_gmt":"2025-07-16T21:01:33","slug":"rendicion-de-cuentas-2024","status":"publish","type":"page","link":"https:\/\/gadlasnieves.gob.ec\/azuay\/rendicion-de-cuentas-2024\/","title":{"rendered":"Rendici\u00f3n de Cuentas 2024"},"content":{"rendered":"<h1 style=\"text-align: center;\"><strong>PROCESO DE RENDICION DE CUENTAS 2024<\/strong><\/h1>\n<p>El proceso de rendici\u00f3n de cuentas del GAD Las Nieves se desarrolla en cumplimiento de lo establecido en el C\u00f3digo Org\u00e1nico de Organizaci\u00f3n Territorial, Autonom\u00eda y Descentralizaci\u00f3n (COOTAD), el cual lo estructura en virias fases fundamentales. Cada etapa garantiza la participaci\u00f3n ciudadana, la transparencia en la gesti\u00f3n p\u00fablica y el fortalecimiento de la democracia local.<\/p>\n<h2><strong>FASE:<\/strong> CONSULTA CIUDADANA<\/h2>\n<p data-start=\"72\" data-end=\"560\">Como parte del proceso participativo de rendici\u00f3n de cuentas, el GAD Las Nieves realiz\u00f3 una consulta ciudadana para conocer los temas que la poblaci\u00f3n considera prioritarios y sobre los cuales desea recibir informaci\u00f3n. En atenci\u00f3n a este ejercicio de di\u00e1logo y transparencia, en el presente informe se presentan las respuestas a las inquietudes expresadas por la ciudadan\u00eda, reafirmando nuestro compromiso con una gesti\u00f3n abierta, receptiva y orientada a las necesidades de la comunidad.<\/p>\n<p data-start=\"72\" data-end=\"560\"><a href=\"https:\/\/gadlasnieves.gob.ec\/azuay\/wp-content\/uploads\/2025\/06\/RESPUESTA-A-LA-CONSULTA-CIUDADANA.pdf\">RESPUESTA A LA CONSULTA CIUDADANA<\/a><\/p>\n\n\t\t<style type=\"text\/css\">\n\t\t\t#gallery-1 {\n\t\t\t\tmargin: auto;\n\t\t\t}\n\t\t\t#gallery-1 .gallery-item {\n\t\t\t\tfloat: left;\n\t\t\t\tmargin-top: 10px;\n\t\t\t\ttext-align: center;\n\t\t\t\twidth: 33%;\n\t\t\t}\n\t\t\t#gallery-1 img {\n\t\t\t\tborder: 2px solid #cfcfcf;\n\t\t\t}\n\t\t\t#gallery-1 .gallery-caption {\n\t\t\t\tmargin-left: 0;\n\t\t\t}\n\t\t\t\/* see gallery_shortcode() in wp-includes\/media.php *\/\n\t\t<\/style>\n\t\t<div id='gallery-1' class='gallery galleryid-1391 gallery-columns-3 gallery-size-thumbnail'><dl class='gallery-item'>\n\t\t\t<dt class='gallery-icon landscape'>\n\t\t\t\t<a href=''><img loading=\"lazy\" decoding=\"async\" width=\"150\" height=\"150\" src=\"https:\/\/gadlasnieves.gob.ec\/azuay\/wp-content\/uploads\/2025\/06\/497189177_1735316147359064_4019294206482946973_n-150x150.jpg\" class=\"attachment-thumbnail size-thumbnail\" alt=\"\" \/><\/a>\n\t\t\t<\/dt><\/dl><dl class='gallery-item'>\n\t\t\t<dt class='gallery-icon landscape'>\n\t\t\t\t<a href=''><img loading=\"lazy\" decoding=\"async\" width=\"150\" height=\"150\" src=\"https:\/\/gadlasnieves.gob.ec\/azuay\/wp-content\/uploads\/2025\/06\/497402179_1735318650692147_1290794775333374951_n-150x150.jpg\" class=\"attachment-thumbnail size-thumbnail\" alt=\"\" \/><\/a>\n\t\t\t<\/dt><\/dl><dl class='gallery-item'>\n\t\t\t<dt class='gallery-icon landscape'>\n\t\t\t\t<a href=''><img loading=\"lazy\" decoding=\"async\" width=\"150\" height=\"150\" src=\"https:\/\/gadlasnieves.gob.ec\/azuay\/wp-content\/uploads\/2025\/06\/497830477_1735318147358864_6927732518223282233_n-150x150.jpg\" class=\"attachment-thumbnail size-thumbnail\" alt=\"\" \/><\/a>\n\t\t\t<\/dt><\/dl><br style=\"clear: both\" \/><dl class='gallery-item'>\n\t\t\t<dt class='gallery-icon landscape'>\n\t\t\t\t<a href=''><img loading=\"lazy\" decoding=\"async\" width=\"150\" height=\"150\" src=\"https:\/\/gadlasnieves.gob.ec\/azuay\/wp-content\/uploads\/2025\/06\/497947169_1735316224025723_8045416858167998944_n-150x150.jpg\" class=\"attachment-thumbnail size-thumbnail\" alt=\"\" \/><\/a>\n\t\t\t<\/dt><\/dl><dl class='gallery-item'>\n\t\t\t<dt class='gallery-icon landscape'>\n\t\t\t\t<a href=''><img loading=\"lazy\" decoding=\"async\" width=\"150\" height=\"150\" src=\"https:\/\/gadlasnieves.gob.ec\/azuay\/wp-content\/uploads\/2025\/06\/498176834_1735318527358826_8337863202790350759_n-150x150.jpg\" class=\"attachment-thumbnail size-thumbnail\" alt=\"\" \/><\/a>\n\t\t\t<\/dt><\/dl><dl class='gallery-item'>\n\t\t\t<dt class='gallery-icon landscape'>\n\t\t\t\t<a href=''><img loading=\"lazy\" decoding=\"async\" width=\"150\" height=\"150\" src=\"https:\/\/gadlasnieves.gob.ec\/azuay\/wp-content\/uploads\/2025\/06\/498199432_1735315854025760_6768215819683914951_n-150x150.jpg\" class=\"attachment-thumbnail size-thumbnail\" alt=\"\" \/><\/a>\n\t\t\t<\/dt><\/dl><br style=\"clear: both\" \/><dl class='gallery-item'>\n\t\t\t<dt class='gallery-icon landscape'>\n\t\t\t\t<a href=''><img loading=\"lazy\" decoding=\"async\" width=\"150\" height=\"150\" src=\"https:\/\/gadlasnieves.gob.ec\/azuay\/wp-content\/uploads\/2025\/06\/498218340_1735316430692369_2817325518258439504_n-150x150.jpg\" class=\"attachment-thumbnail size-thumbnail\" alt=\"\" \/><\/a>\n\t\t\t<\/dt><\/dl>\n\t\t\t<br style='clear: both' \/>\n\t\t<\/div>\n\n<h2><strong>FASE: <\/strong>ELABORACION DEL INFORME<\/h2>\n<p>La comisi\u00f3n liderada por la entidad redact\u00f3 el informe para la ciudadan\u00eda, en el cual se respondi\u00f3 las demandas de la ciduadnia y se mostr\u00f3 los avances para disminuir las brechas de desigualdad.<\/p>\n<p>Se presenta el informe preliminar a la maxima autoridad, mismo que es revisado y aprobado, para proceder a dar a conocer a la ciudadania.<\/p>\n<h4><a href=\"https:\/\/gadlasnieves.gob.ec\/azuay\/wp-content\/uploads\/2025\/07\/INFORME-NARRATIVO002.pdf\">INFORME NARRATIVO002<\/a><\/h4>\n<p>&nbsp;<\/p>\n<h2>FASE:\u00a0 DELIBERACION PUBLICA<\/h2>\n<p>Segun el Art. 266 de COOTAD, que manifiesta que al terminar el periodo fiscal, cada Gobierno Autonomo Descentralizado debe llamar a la Asamble Territorial para dar el informe de la ejecucion presupuestaria anual.\u00a0 Por tanto,\u00a0 en cumplimiento con los principios de transparencia, participaci\u00f3n ciudadana y responsabilidad institucional, el Gobierno Aut\u00f3nomo Descentralizado de Las Nieves presenta a la ciudadan\u00eda su Informe de Rendici\u00f3n de Cuentas correspondiente al a\u00f1o 2024. Este documento refleja el trabajo realizado, los avances alcanzados y los recursos gestionados durante el per\u00edodo, reafirmando nuestro compromiso con el desarrollo sostenible y el bienestar de nuestra comunidad.<\/p>\n<p><img loading=\"lazy\" decoding=\"async\" class=\"alignnone size-thumbnail wp-image-3033\" src=\"https:\/\/gadlasnieves.gob.ec\/azuay\/wp-content\/uploads\/2025\/06\/504932279_1753319955558683_152217407221134969_n-150x150.jpg\" alt=\"\" width=\"150\" height=\"150\" \/><img loading=\"lazy\" decoding=\"async\" class=\"alignnone size-thumbnail wp-image-3027\" src=\"https:\/\/gadlasnieves.gob.ec\/azuay\/wp-content\/uploads\/2025\/06\/504119716_1753320948891917_5739346247794943363_n-150x150.jpg\" alt=\"\" width=\"150\" height=\"150\" srcset=\"https:\/\/gadlasnieves.gob.ec\/azuay\/wp-content\/uploads\/2025\/06\/504119716_1753320948891917_5739346247794943363_n-150x150.jpg 150w, https:\/\/gadlasnieves.gob.ec\/azuay\/wp-content\/uploads\/2025\/06\/504119716_1753320948891917_5739346247794943363_n-550x550.jpg 550w, https:\/\/gadlasnieves.gob.ec\/azuay\/wp-content\/uploads\/2025\/06\/504119716_1753320948891917_5739346247794943363_n-1024x1024.jpg 1024w, https:\/\/gadlasnieves.gob.ec\/azuay\/wp-content\/uploads\/2025\/06\/504119716_1753320948891917_5739346247794943363_n-768x768.jpg 768w, https:\/\/gadlasnieves.gob.ec\/azuay\/wp-content\/uploads\/2025\/06\/504119716_1753320948891917_5739346247794943363_n-1536x1536.jpg 1536w, https:\/\/gadlasnieves.gob.ec\/azuay\/wp-content\/uploads\/2025\/06\/504119716_1753320948891917_5739346247794943363_n.jpg 2048w\" sizes=\"auto, (max-width: 150px) 100vw, 150px\" \/><img loading=\"lazy\" decoding=\"async\" class=\"alignnone size-thumbnail wp-image-3026\" src=\"https:\/\/gadlasnieves.gob.ec\/azuay\/wp-content\/uploads\/2025\/06\/504088298_1753320762225269_5463664247444491062_n-150x150.jpg\" alt=\"\" width=\"150\" height=\"150\" srcset=\"https:\/\/gadlasnieves.gob.ec\/azuay\/wp-content\/uploads\/2025\/06\/504088298_1753320762225269_5463664247444491062_n-150x150.jpg 150w, https:\/\/gadlasnieves.gob.ec\/azuay\/wp-content\/uploads\/2025\/06\/504088298_1753320762225269_5463664247444491062_n-550x550.jpg 550w, https:\/\/gadlasnieves.gob.ec\/azuay\/wp-content\/uploads\/2025\/06\/504088298_1753320762225269_5463664247444491062_n-1024x1024.jpg 1024w, https:\/\/gadlasnieves.gob.ec\/azuay\/wp-content\/uploads\/2025\/06\/504088298_1753320762225269_5463664247444491062_n-768x768.jpg 768w, https:\/\/gadlasnieves.gob.ec\/azuay\/wp-content\/uploads\/2025\/06\/504088298_1753320762225269_5463664247444491062_n-1536x1536.jpg 1536w, https:\/\/gadlasnieves.gob.ec\/azuay\/wp-content\/uploads\/2025\/06\/504088298_1753320762225269_5463664247444491062_n.jpg 2048w\" sizes=\"auto, (max-width: 150px) 100vw, 150px\" \/><img loading=\"lazy\" decoding=\"async\" class=\"alignnone size-thumbnail wp-image-3025\" src=\"https:\/\/gadlasnieves.gob.ec\/azuay\/wp-content\/uploads\/2025\/06\/503928631_1753320628891949_3659085901867042186_n-150x150.jpg\" alt=\"\" width=\"150\" height=\"150\" srcset=\"https:\/\/gadlasnieves.gob.ec\/azuay\/wp-content\/uploads\/2025\/06\/503928631_1753320628891949_3659085901867042186_n-150x150.jpg 150w, https:\/\/gadlasnieves.gob.ec\/azuay\/wp-content\/uploads\/2025\/06\/503928631_1753320628891949_3659085901867042186_n-550x550.jpg 550w, https:\/\/gadlasnieves.gob.ec\/azuay\/wp-content\/uploads\/2025\/06\/503928631_1753320628891949_3659085901867042186_n-1024x1024.jpg 1024w, https:\/\/gadlasnieves.gob.ec\/azuay\/wp-content\/uploads\/2025\/06\/503928631_1753320628891949_3659085901867042186_n-768x768.jpg 768w, https:\/\/gadlasnieves.gob.ec\/azuay\/wp-content\/uploads\/2025\/06\/503928631_1753320628891949_3659085901867042186_n-1536x1536.jpg 1536w, https:\/\/gadlasnieves.gob.ec\/azuay\/wp-content\/uploads\/2025\/06\/503928631_1753320628891949_3659085901867042186_n.jpg 2048w\" sizes=\"auto, (max-width: 150px) 100vw, 150px\" \/><\/p>\n<p>&nbsp;<\/p>\n<p>&nbsp;<\/p>\n<p><img loading=\"lazy\" decoding=\"async\" class=\"alignnone size-thumbnail wp-image-3031\" src=\"https:\/\/gadlasnieves.gob.ec\/azuay\/wp-content\/uploads\/2025\/06\/504686409_1753320268891985_1774831731461233625_n-150x150.jpg\" alt=\"\" width=\"150\" height=\"150\" \/><img loading=\"lazy\" decoding=\"async\" class=\"alignnone size-thumbnail wp-image-3030\" src=\"https:\/\/gadlasnieves.gob.ec\/azuay\/wp-content\/uploads\/2025\/06\/504435054_1753319915558687_3252431526109365621_n-150x150.jpg\" alt=\"\" width=\"150\" height=\"150\" \/><img loading=\"lazy\" decoding=\"async\" class=\"alignnone size-thumbnail wp-image-3029\" src=\"https:\/\/gadlasnieves.gob.ec\/azuay\/wp-content\/uploads\/2025\/06\/504432180_1753320002225345_8607150224704366119_n-150x150.jpg\" alt=\"\" width=\"150\" height=\"150\" \/><img loading=\"lazy\" decoding=\"async\" class=\"alignnone size-thumbnail wp-image-3028\" src=\"https:\/\/gadlasnieves.gob.ec\/azuay\/wp-content\/uploads\/2025\/06\/504382715_1753320498891962_6691687786320927839_n-150x150.jpg\" alt=\"\" width=\"150\" height=\"150\" \/><\/p>\n<p>&nbsp;<\/p>\n<p><a href=\"https:\/\/gadlasnieves.gob.ec\/azuay\/wp-content\/uploads\/2025\/06\/RENDICION_DE_CUENTAS_2024.pptx.pdf\">RENDICION_DE_CUENTAS_2024.pptx<\/a><\/p>\n","protected":false},"excerpt":{"rendered":"<p>PROCESO DE RENDICION DE CUENTAS 2024 El proceso de rendici\u00f3n de cuentas del GAD Las Nieves se desarrolla en cumplimiento de lo establecido en el C\u00f3digo Org\u00e1nico de Organizaci\u00f3n Territorial, Autonom\u00eda y Descentralizaci\u00f3n (COOTAD), el cual lo estructura en virias fases fundamentales. Cada etapa garantiza la participaci\u00f3n ciudadana, la transparencia en la gesti\u00f3n p\u00fablica y [&hellip;]<\/p>\n","protected":false},"author":8,"featured_media":0,"parent":0,"menu_order":0,"comment_status":"closed","ping_status":"closed","template":"","meta":{"footnotes":""},"yst_prominent_words":[],"class_list":["post-1391","page","type-page","status-publish","hentry"],"_links":{"self":[{"href":"https:\/\/gadlasnieves.gob.ec\/azuay\/wp-json\/wp\/v2\/pages\/1391","targetHints":{"allow":["GET"]}}],"collection":[{"href":"https:\/\/gadlasnieves.gob.ec\/azuay\/wp-json\/wp\/v2\/pages"}],"about":[{"href":"https:\/\/gadlasnieves.gob.ec\/azuay\/wp-json\/wp\/v2\/types\/page"}],"author":[{"embeddable":true,"href":"https:\/\/gadlasnieves.gob.ec\/azuay\/wp-json\/wp\/v2\/users\/8"}],"replies":[{"embeddable":true,"href":"https:\/\/gadlasnieves.gob.ec\/azuay\/wp-json\/wp\/v2\/comments?post=1391"}],"version-history":[{"count":9,"href":"https:\/\/gadlasnieves.gob.ec\/azuay\/wp-json\/wp\/v2\/pages\/1391\/revisions"}],"predecessor-version":[{"id":3095,"href":"https:\/\/gadlasnieves.gob.ec\/azuay\/wp-json\/wp\/v2\/pages\/1391\/revisions\/3095"}],"wp:attachment":[{"href":"https:\/\/gadlasnieves.gob.ec\/azuay\/wp-json\/wp\/v2\/media?parent=1391"}],"wp:term":[{"taxonomy":"yst_prominent_words","embeddable":true,"href":"https:\/\/gadlasnieves.gob.ec\/azuay\/wp-json\/wp\/v2\/yst_prominent_words?post=1391"}],"curies":[{"name":"wp","href":"https:\/\/api.w.org\/{rel}","templated":true}]}}